{"id":12162,"date":"2022-07-25T16:28:15","date_gmt":"2022-07-25T19:28:15","guid":{"rendered":"https:\/\/cozinhaterezinha.com\/?page_id=12162"},"modified":"2023-11-17T14:36:32","modified_gmt":"2023-11-17T17:36:32","slug":"formulario-de-rgpd","status":"publish","type":"page","link":"https:\/\/cozinhaterezinha.com\/es\/formulario-de-rgpd\/","title":{"rendered":"Formulario de RGPD"},"content":{"rendered":"\n\n<script type=\"text\/javascript\">\n\n\t \n\t  \n\t function  rgpdPDAClick()\n\t {\n\t\tdocument.getElementById(\"rgpdmenu1\").style.display= \"block\";\n\t\tdocument.getElementById(\"rgpdmenu2\").style.display= \"none\";  \n\t\tdocument.getElementById(\"rgpdmenu3\").style.display= \"none\";\n\t\tdocument.getElementById(\"rgpdmenu4\").style.display= \"none\"; \n\t\t\n\t\t\/\/disable other tabs and color\n\t\tdocument.getElementById(\"rgpdPDA\").style.backgroundColor= \"#fafafa\";\n\t\tdocument.getElementById(\"rgpdFM\").style.backgroundColor= \"white\";  \n\t\tdocument.getElementById(\"rgpdDR\").style.backgroundColor= \"white\";\n\t\tdocument.getElementById(\"rgpdUR\").style.backgroundColor= \"white\";\n\t }\n\t function  rgpdFMClick()\n\t {\n\t\tdocument.getElementById(\"rgpdmenu1\").style.display= \"none\";\n\t\tdocument.getElementById(\"rgpdmenu2\").style.display= \"block\";  \n\t\tdocument.getElementById(\"rgpdmenu3\").style.display= \"none\";\n\t\tdocument.getElementById(\"rgpdmenu4\").style.display= \"none\"; \n\t\t\n\t\t\/\/disable other tabs and color\n\t\tdocument.getElementById(\"rgpdPDA\").style.backgroundColor= \"white\";\n\t\tdocument.getElementById(\"rgpdFM\").style.backgroundColor= \"#fafafa\";  \n\t\tdocument.getElementById(\"rgpdDR\").style.backgroundColor= \"white\";\n\t\tdocument.getElementById(\"rgpdUR\").style.backgroundColor= \"white\";\n\t }\n\t function  rgpdDRClick()\n\t {\n\t\tdocument.getElementById(\"rgpdmenu1\").style.display= \"none\";\n\t\tdocument.getElementById(\"rgpdmenu2\").style.display= \"none\";  \n\t\tdocument.getElementById(\"rgpdmenu3\").style.display= \"block\";\n\t\tdocument.getElementById(\"rgpdmenu4\").style.display= \"none\"; \n\t\t\n\t\t\/\/disable other tabs and color\n\t\tdocument.getElementById(\"rgpdPDA\").style.backgroundColor= \"white\";\n\t\tdocument.getElementById(\"rgpdFM\").style.backgroundColor= \"white\";  \n\t\tdocument.getElementById(\"rgpdDR\").style.backgroundColor= \"#fafafa\";\n\t\tdocument.getElementById(\"rgpdUR\").style.backgroundColor= \"white\";\n\t\t\n\t\t\n\t }\n\t function  rgpdURClick()\n\t {\n\t\tdocument.getElementById(\"rgpdmenu1\").style.display= \"none\";\n\t\tdocument.getElementById(\"rgpdmenu2\").style.display= \"none\";  \n\t\tdocument.getElementById(\"rgpdmenu3\").style.display= \"none\";\n\t\tdocument.getElementById(\"rgpdmenu4\").style.display= \"block\"; \n\t\t\n\t\t\/\/disable other tabs and color\n\t\tdocument.getElementById(\"rgpdPDA\").style.backgroundColor= \"white\";\n\t\tdocument.getElementById(\"rgpdFM\").style.backgroundColor= \"white\";  \n\t\tdocument.getElementById(\"rgpdDR\").style.backgroundColor= \"white\";\n\t\tdocument.getElementById(\"rgpdUR\").style.backgroundColor= \"#fafafa\";\n\t }\n<\/script>\n\n\n<div class=\"containerr-fluid\">\n<div class=\"rgpd-tab\">\n  <button class=\"active rgpd-tablinks\" id=\"rgpdPDA\" onclick=\"rgpdPDAClick()\"><div class=\"rgpd-head\">Solicitud de acceso a datos<\/div><\/button>\n  <button id=\"rgpdFM\" class=\"rgpd-tablinks\" onclick=\"rgpdFMClick()\"><div class=\"rgpd-head\">Olvide la solicitud de datos<\/div><\/button>\n  <button id=\"rgpdDR\" class=\"rgpd-tablinks\" onclick=\"rgpdDRClick()\"><div class=\"rgpd-head\">Rectificar solicitud de datos<\/div><\/button>\n  <button id=\"rgpdUR\" class=\"rgpd-tablinks\" onclick=\"rgpdURClick()\"><div class=\"rgpd-head\">Solicitud de cancelaci\u00f3n de suscripci\u00f3n<\/div><\/button>\n<\/div>\n\n<div class=\"\">\n    \n    <div id=\"rgpdmenu1\">\n      <div class=\"col-18\"><br>\n  <div class=\"rgpddefaults rgpdpanel\">\n    <div class=\"rgpd-panel-heading\"><h4 style=\"color:white\">Solicitud de acceso a datos<\/h4><\/div>\n    <div class=\"rgpd-panel-body\">\n       \n<div id=\"rgpdpda\" class=\"form-group\">\n<form action=\"\" method=\"post\"><br>\n<p>\n<b>Solicite una copia de los datos que tenemos sobre usted. Se le enviar\u00e1 un correo electr\u00f3nico con los datos una vez que se hayan generado.<\/b><\/p>\n\n<label for=\"rgpdemailpda\">Email:<\/label>\n<input type=\"email\" id=\"rgpdemailpda\" class=\"rgpdinp\" name=\"rgpdemailpda\" value=\"\" required=\"\">\n<br><br>\n\n <button type=\"submit\" name=\"rgpdpdasubmit\" class=\"submitrequestbtn\">Enviar peticion<\/button>\n\n<\/form>\n        \n<\/div>\n        \n    <\/div>\n  <\/div>\n<\/div>\n<\/div>\n<div id=\"rgpdmenu2\">\n<div class=\"col-18\"><br>\n<div class=\"rgpddefaults rgpdpanel\">\n<div class=\"rgpd-panel-heading\"><h4 style=\"color:white\">Olvide la solicitud de datos<\/h4><\/div>\n<div class=\"rgpd-panel-body\">\n<div id=\"rgpdfm\" class=\"Form Control\"> \n<form action=\"\" method=\"post\"><br>\n<p>\n<b>\nSeleccione lo que desea ser olvidado. Recibir\u00e1 una notificaci\u00f3n por correo electr\u00f3nico una vez que se haya completado.\n<\/b><\/p>\n<label class=\"containerr\">\n<b>Comentarios<\/b>\n<input type=\"checkbox\" name=\"rgpdfmchkboxc\" value=\"c\">\n<span class=\"rgpdcheckmark\"><\/span>\n<\/label>\n\nSus comentarios en varias publicaciones<br><br>\n<label class=\"containerr\">\n<b>Publicaciones<\/b>\n<input type=\"checkbox\" name=\"rgpdfmchkboxp\" value=\"p\">\n<span class=\"rgpdcheckmark\"><\/span>\n<\/label>\nArt\u00edculos y publicaciones escritos por usted\n<br><br>\n<label class=\"containerr\">\n<b>Datos del usuario<\/b>\n<input type=\"checkbox\" name=\"rgpdfmchkboxu\" value=\"u\">\n<span class=\"rgpdcheckmark\"><\/span>\n<\/label>\nSus datos de usuario registrados en la base de datos de Wordpress.\n<br>\n <br><label for=\"\">Email:<\/label>\n<input type=\"email\" class=\"rgpdinp\" name=\"rgpdfmemail\" value=\"\" required=\"\">\n<br><br>\n<!-- <label class=\"containerr\">\nDoy mi consentimiento para que se recopile mi correo electr\u00f3nico a fin de procesar esta solicitud. Vea la p\u00e1gina de Pol\u00edtica de Privacidad para m\u00e1s informaci\u00f3n.\n<input type=\"checkbox\" name=\"rgpdchkbox\" value=\"1\" required=\"\">\n\n<span class=\"rgpdcheckmark\"><\/span>\n<\/label> -->\n <button type=\"submit\" name=\"rgpdfmsubmit\" class=\"submitrequestbtn\">Enviar peticion<\/button>  \n<\/form>\n<\/div> \n        \n    <\/div>\n  <\/div>\n<\/div>\n    <\/div>\n    <div id=\"rgpdmenu3\">\n    <div id=\"rgpddr\" class=\"Form Control\">\n      <div class=\"col-18\"><br>\n  <div class=\"rgpddefaults rgpdpanel\">\n    <div class=\"rgpd-panel-heading\"><h4 style=\"color:white\">Rectificar solicitud de datos<\/h4><\/div>\n    <div class=\"rgpd-panel-body\">\n   <div id=\"rgpddr\" class=\"Form Control\"> \n<form action=\"\" method=\"post\"><br>\n\n<label class=\"containerr\">\nComentarios de WordPress\n<input type=\"checkbox\" name=\"rgpddrchkboxc\" value=\"c\">\n<span class=\"rgpdcheckmark\"><\/span>\n<\/label>\n\nSus comentarios en varias publicaciones<br><br>\n<label class=\"containerr\">\n<b>Publicaciones de WordPress<\/b>\n<input type=\"checkbox\" name=\"rgpddrchkboxp\" value=\"p\">\n<span class=\"rgpdcheckmark\"><\/span>\n<\/label>\nArt\u00edculos y publicaciones escritos por usted\n<br><br>\n<label class=\"containerr\">\n<b>Datos de usuario de WordPress<\/b>\n<input type=\"checkbox\" name=\"rgpddrchkboxu\" value=\"u\">\n<span class=\"rgpdcheckmark\"><\/span>\n<\/label>\nSus datos de usuario registrados en la base de datos de Wordpress.<br>\n<label><br>\nQu\u00e9 se debe rectificar?<\/label><\/br>\n<textarea name=\"rgpdrectification\" class=\"rgpdinp\" rows=\"5\" required=\"\"><\/textarea><br><br>\n\n<label for=\"\">Email:<\/label>\n<input type=\"email\" class=\"rgpdinp\" name=\"rgpddremail\" value=\"\" required=\"\">\n\n<br><br>\n\n<button type=\"submit\" name=\"rgpddrsubmit\" class=\"submitrequestbtn\">Enviar peticion<\/button>\n\n<\/form>\n         <\/div> \n    <\/div>\n  <\/div>\n<\/div>\n<\/div>\n    <\/div>\n\t\n\t<div id=\"rgpdmenu4\">\n    <div id=\"rgpdur\" class=\"Form Control\">\n      <div class=\"col-18\"><br>\n  <div class=\"rgpddefaults rgpdpanel\">\n    <div class=\"rgpd-panel-heading\"><h4 style=\"color:white\">Formulario de solicitud de cancelaci\u00f3n de suscripci\u00f3n<\/h4><\/div>\n    <div class=\"rgpd-panel-body\">\n   <div id=\"rgpdur\" class=\"Form Control\"> <br>\n   <div class=\"rgpd-alert\" style=\"color:black;\">Por favor, reconsidere o cancelamento da assinatura, pois voc\u00ea pode perder atualiza\u00e7\u00f5es e ofertas importantes de nossa parte. Se voc\u00ea realmente quiser cancelar a inscri\u00e7\u00e3o, preencha seu endere\u00e7o de e-mail. Na caixa abaixo<\/div>\n<form action=\"\" method=\"post\"><br>\n<label for=\"\">Nombre:<\/label><br>\n<input type=\"text\" id=\"\" class=\"rgpdinp\" name=\"unsname\" value=\"\" required=\"\">\n<br><br>\n<label for=\"\">Email:<\/label>\n<input type=\"email\" id=\"\" class=\"rgpdinp\" name=\"unsemail\" value=\"\" required=\"\">\n<br><br>\n <button type=\"submit\" name=\"rgpdunssubmit\" class=\"submitrequestbtn\">Enviar peticion<\/button>\n<\/form>\n<\/div>\n<\/div>\n        \n    <\/div>\n  <\/div>\n<\/div>\n<\/div>\n\t\n\t\n  <\/div>\n<\/div>\n<script type=\"text\/javascript\">\n  document.getElementById(\"rgpdmenu2\").style.display= \"none\";  \n\tdocument.getElementById(\"rgpdmenu3\").style.display= \"none\";\n\tdocument.getElementById(\"rgpdmenu4\").style.display= \"none\";\n\t\n\t\/\/disable other tabs and color\n\t\tdocument.getElementById(\"rgpdPDA\").style.backgroundColor= \"#FE9A2E\";\n\t\tdocument.getElementById(\"rgpdFM\").style.backgroundColor= \"white\";  \n\t\tdocument.getElementById(\"rgpdDR\").style.backgroundColor= \"white\";\n\t\tdocument.getElementById(\"rgpdUR\").style.backgroundColor= \"white\";\n<\/script>\n<style>\n\/* Customize the label (the containerr) *\/\n.containerr {\n  display: block;\n  position: relative;\n  padding-left: 35px;\n  margin-bottom: 12px;\n  cursor: pointer;\n  \n  -webkit-user-select: none;\n  -moz-user-select: none;\n  -ms-user-select: none;\n  user-select: none;\n}\n\n\/* Hide the browsers default checkbox *\/\n.containerr input {\n  position: absolute;\n  opacity: 0;\n  cursor: pointer;\n}\n\n\/* Create a custom checkbox *\/\n.rgpdcheckmark {\n  position: absolute;\n  top: 0;\n  left: 0;\n  height: 25px;\n  width: 25px;\n  background-color: #eee;\n}\n\n\/* On mouse-over, add a grey background color *\/\n.containerr:hover input ~ .rgpdcheckmark {\n  background-color: #ccc;\n}\n\n\/* When the checkbox is checked, add a blue background *\/\n.containerr input:checked ~ .rgpdcheckmark {\n  background-color: #2196F3;\n}\n\n\/* Create the rgpdcheckmark\/indicator (hidden when not checked) *\/\n.rgpdcheckmark:after {\n  content: \"\";\n  position: absolute;\n  display: none;\n}\n\n\/* Show the rgpdcheckmark when checked *\/\n.containerr input:checked ~ .rgpdcheckmark:after {\n  display: block;\n}\n\n\/* Style the rgpdcheckmark\/indicator *\/\n.containerr .rgpdcheckmark:after {\n  left: 9px;\n  top: 5px;\n  width: 5px;\n  height: 10px;\n  border: solid white;\n  border-width: 0 3px 3px 0;\n  -webkit-transform: rotate(45deg);\n  -ms-transform: rotate(45deg);\n  transform: rotate(45deg);\n}\n\n.rgpdpanel {\n    border-color: #525863;\n}\n.rgpdpanel>.rgpd-panel-heading {\n    color: #fff;\n     background: linear-gradient(#525863, #444a55);\n    border-color: #525863;\n}\n\n.rgpd-panel-heading {\n  padding: 10px 10px;\n    border-bottom: 1px solid transparent;\n    border-top-left-radius: 3px;\n    border-top-right-radius: 3px;\n\n}\n\n.rgpddefaults {\n\n    margin-bottom: 20px;\n    background-color: #fff;\n    border: 1px solid transparent;\n    border-radius: 4px;\n    -webkit-box-shadow: 0 1px 1px rgba(0,0,0,.05);\n    box-shadow: 0 1px 1px rgba(0,0,0,.05);\n\n}\n\n.rgpd-rgpd-panel-body {\n  padding: 15px;\n}\n\ninput[type=email].rgpdinp,input[type=text].rgpdinp,textarea.rgpdinp {\n    width: 100%;\n    padding: 12px;\n    border: 1px solid #ccc;\n    border-radius: 4px;\n    resize: vertical;\n}\n\n\/*Button Style  *\/\n.submitrequestbtn {\n    background-color: #008CBA; \/* Green *\/\n    border: none;\n    color: white;\n    padding: 10px 24px;\n    text-align: center;\n    text-decoration: none;\n    display: inline-block;\n    font-size: 16px;\n    border-radius: 4px;\n}\n\n\n\/* Style the tab *\/\n.rgpd-tab {\n    overflow: hidden;\n    border: 1px solid #ccc;\n    background-color: white;\n    border-radius: 3px;\n\n}\n\n\/* Style the buttons inside the tab *\/\n.rgpd-tab button {\n    background-color: inherit;\n    float: left;\n    border: none;\n    outline: none;\n    cursor: pointer;\n    padding: 14px 16px;\n    transition: 0.3s;\n    font-size: 17px;\n\tcolor:black;\n}\n\n\/* Style the text on the header *\/\n.rgpd-head {\n    font-size: 14px;\n}\n\n\n\/* Change background color of buttons on hover *\/\n.rgpd-tab button:hover {\n    background-color: #ddd;\n}\n\n.rgpd-alert {\n    padding: 20px;\n    background-color: #f4debc;\n    color: white;\n    border-radius: 4px;\n\n}\n\/*e7d7bf*\/\n<\/style>\n\n","protected":false},"excerpt":{"rendered":"","protected":false},"author":1,"featured_media":0,"parent":0,"menu_order":0,"comment_status":"closed","ping_status":"closed","template":"","meta":{"_uag_custom_page_level_css":"","wprm-recipe-roundup-name":"","wprm-recipe-roundup-description":"","cybocfi_hide_featured_image":"","footnotes":""},"class_list":["post-12162","page","type-page","status-publish"],"yoast_head":"<!-- This site is optimized with the Yoast SEO plugin v27.2 - https:\/\/yoast.com\/product\/yoast-seo-wordpress\/ -->\n<title>Formulario de RGPD - Cozinha Terezinha<\/title>\n<meta name=\"robots\" content=\"index, follow, max-snippet:-1, max-image-preview:large, max-video-preview:-1\" \/>\n<link rel=\"canonical\" href=\"https:\/\/cozinhaterezinha.com\/es\/formulario-de-rgpd\/\" \/>\n<meta property=\"og:locale\" content=\"es_ES\" \/>\n<meta property=\"og:type\" content=\"article\" \/>\n<meta property=\"og:title\" content=\"Formulario de RGPD - Cozinha Terezinha\" \/>\n<meta property=\"og:url\" content=\"https:\/\/cozinhaterezinha.com\/es\/formulario-de-rgpd\/\" \/>\n<meta property=\"og:site_name\" content=\"Cozinha Terezinha\" \/>\n<meta property=\"article:modified_time\" content=\"2023-11-17T17:36:32+00:00\" \/>\n<meta name=\"twitter:card\" content=\"summary_large_image\" \/>\n<meta name=\"twitter:label1\" content=\"Tiempo de lectura\" \/>\n\t<meta name=\"twitter:data1\" content=\"1 minuto\" \/>\n<script type=\"application\/ld+json\" class=\"yoast-schema-graph\">{\"@context\":\"https:\/\/schema.org\",\"@graph\":[{\"@type\":\"WebPage\",\"@id\":\"https:\/\/cozinhaterezinha.com\/es\/formulario-de-rgpd\/\",\"url\":\"https:\/\/cozinhaterezinha.com\/es\/formulario-de-rgpd\/\",\"name\":\"Formulario de RGPD - Cozinha Terezinha\",\"isPartOf\":{\"@id\":\"https:\/\/cozinhaterezinha.com\/es\/#website\"},\"datePublished\":\"2022-07-25T19:28:15+00:00\",\"dateModified\":\"2023-11-17T17:36:32+00:00\",\"breadcrumb\":{\"@id\":\"https:\/\/cozinhaterezinha.com\/es\/formulario-de-rgpd\/#breadcrumb\"},\"inLanguage\":\"es\",\"potentialAction\":[{\"@type\":\"ReadAction\",\"target\":[\"https:\/\/cozinhaterezinha.com\/es\/formulario-de-rgpd\/\"]}]},{\"@type\":\"BreadcrumbList\",\"@id\":\"https:\/\/cozinhaterezinha.com\/es\/formulario-de-rgpd\/#breadcrumb\",\"itemListElement\":[{\"@type\":\"ListItem\",\"position\":1,\"name\":\"In\u00edcio\",\"item\":\"https:\/\/cozinhaterezinha.com\/es\/\"},{\"@type\":\"ListItem\",\"position\":2,\"name\":\"Formulario de RGPD\"}]},{\"@type\":\"WebSite\",\"@id\":\"https:\/\/cozinhaterezinha.com\/es\/#website\",\"url\":\"https:\/\/cozinhaterezinha.com\/es\/\",\"name\":\"Cozinha Terezinha\",\"description\":\"\",\"publisher\":{\"@id\":\"https:\/\/cozinhaterezinha.com\/es\/#organization\"},\"potentialAction\":[{\"@type\":\"SearchAction\",\"target\":{\"@type\":\"EntryPoint\",\"urlTemplate\":\"https:\/\/cozinhaterezinha.com\/es\/?s={search_term_string}\"},\"query-input\":{\"@type\":\"PropertyValueSpecification\",\"valueRequired\":true,\"valueName\":\"search_term_string\"}}],\"inLanguage\":\"es\"},{\"@type\":\"Organization\",\"@id\":\"https:\/\/cozinhaterezinha.com\/es\/#organization\",\"name\":\"Cozinha Terezinha\",\"url\":\"https:\/\/cozinhaterezinha.com\/es\/\",\"logo\":{\"@type\":\"ImageObject\",\"inLanguage\":\"es\",\"@id\":\"https:\/\/cozinhaterezinha.com\/es\/#\/schema\/logo\/image\/\",\"url\":\"https:\/\/cozinhaterezinha.com\/wp-content\/uploads\/2022\/07\/cropped-Copia-de-Cozinha-Terezinha-Post-para-Instagram-1.png\",\"contentUrl\":\"https:\/\/cozinhaterezinha.com\/wp-content\/uploads\/2022\/07\/cropped-Copia-de-Cozinha-Terezinha-Post-para-Instagram-1.png\",\"width\":512,\"height\":512,\"caption\":\"Cozinha Terezinha\"},\"image\":{\"@id\":\"https:\/\/cozinhaterezinha.com\/es\/#\/schema\/logo\/image\/\"},\"sameAs\":[\"https:\/\/www.instagram.com\/cozinhaterezinhaoficial\"]}]}<\/script>\n<!-- \/ Yoast SEO plugin. -->","yoast_head_json":{"title":"Formulario de RGPD - Cozinha Terezinha","robots":{"index":"index","follow":"follow","max-snippet":"max-snippet:-1","max-image-preview":"max-image-preview:large","max-video-preview":"max-video-preview:-1"},"canonical":"https:\/\/cozinhaterezinha.com\/es\/formulario-de-rgpd\/","og_locale":"es_ES","og_type":"article","og_title":"Formulario de RGPD - Cozinha Terezinha","og_url":"https:\/\/cozinhaterezinha.com\/es\/formulario-de-rgpd\/","og_site_name":"Cozinha Terezinha","article_modified_time":"2023-11-17T17:36:32+00:00","twitter_card":"summary_large_image","twitter_misc":{"Tiempo de lectura":"1 minuto"},"schema":{"@context":"https:\/\/schema.org","@graph":[{"@type":"WebPage","@id":"https:\/\/cozinhaterezinha.com\/es\/formulario-de-rgpd\/","url":"https:\/\/cozinhaterezinha.com\/es\/formulario-de-rgpd\/","name":"Formulario de RGPD - Cozinha Terezinha","isPartOf":{"@id":"https:\/\/cozinhaterezinha.com\/es\/#website"},"datePublished":"2022-07-25T19:28:15+00:00","dateModified":"2023-11-17T17:36:32+00:00","breadcrumb":{"@id":"https:\/\/cozinhaterezinha.com\/es\/formulario-de-rgpd\/#breadcrumb"},"inLanguage":"es","potentialAction":[{"@type":"ReadAction","target":["https:\/\/cozinhaterezinha.com\/es\/formulario-de-rgpd\/"]}]},{"@type":"BreadcrumbList","@id":"https:\/\/cozinhaterezinha.com\/es\/formulario-de-rgpd\/#breadcrumb","itemListElement":[{"@type":"ListItem","position":1,"name":"In\u00edcio","item":"https:\/\/cozinhaterezinha.com\/es\/"},{"@type":"ListItem","position":2,"name":"Formulario de RGPD"}]},{"@type":"WebSite","@id":"https:\/\/cozinhaterezinha.com\/es\/#website","url":"https:\/\/cozinhaterezinha.com\/es\/","name":"Cozinha Terezinha","description":"","publisher":{"@id":"https:\/\/cozinhaterezinha.com\/es\/#organization"},"potentialAction":[{"@type":"SearchAction","target":{"@type":"EntryPoint","urlTemplate":"https:\/\/cozinhaterezinha.com\/es\/?s={search_term_string}"},"query-input":{"@type":"PropertyValueSpecification","valueRequired":true,"valueName":"search_term_string"}}],"inLanguage":"es"},{"@type":"Organization","@id":"https:\/\/cozinhaterezinha.com\/es\/#organization","name":"Cozinha Terezinha","url":"https:\/\/cozinhaterezinha.com\/es\/","logo":{"@type":"ImageObject","inLanguage":"es","@id":"https:\/\/cozinhaterezinha.com\/es\/#\/schema\/logo\/image\/","url":"https:\/\/cozinhaterezinha.com\/wp-content\/uploads\/2022\/07\/cropped-Copia-de-Cozinha-Terezinha-Post-para-Instagram-1.png","contentUrl":"https:\/\/cozinhaterezinha.com\/wp-content\/uploads\/2022\/07\/cropped-Copia-de-Cozinha-Terezinha-Post-para-Instagram-1.png","width":512,"height":512,"caption":"Cozinha Terezinha"},"image":{"@id":"https:\/\/cozinhaterezinha.com\/es\/#\/schema\/logo\/image\/"},"sameAs":["https:\/\/www.instagram.com\/cozinhaterezinhaoficial"]}]}},"uagb_featured_image_src":{"full":false,"thumbnail":false,"medium":false,"medium_large":false,"large":false,"1536x1536":false,"2048x2048":false,"wprm-metadata-1_1":false,"wprm-metadata-4_3":false,"wprm-metadata-16_9":false,"web-stories-poster-portrait":false,"web-stories-publisher-logo":false,"web-stories-thumbnail":false},"uagb_author_info":{"display_name":"Mariana","author_link":"https:\/\/cozinhaterezinha.com\/es\/author\/alice-ct\/"},"uagb_comment_info":0,"uagb_excerpt":null,"_links":{"self":[{"href":"https:\/\/cozinhaterezinha.com\/es\/wp-json\/wp\/v2\/pages\/12162","targetHints":{"allow":["GET"]}}],"collection":[{"href":"https:\/\/cozinhaterezinha.com\/es\/wp-json\/wp\/v2\/pages"}],"about":[{"href":"https:\/\/cozinhaterezinha.com\/es\/wp-json\/wp\/v2\/types\/page"}],"author":[{"embeddable":true,"href":"https:\/\/cozinhaterezinha.com\/es\/wp-json\/wp\/v2\/users\/1"}],"replies":[{"embeddable":true,"href":"https:\/\/cozinhaterezinha.com\/es\/wp-json\/wp\/v2\/comments?post=12162"}],"version-history":[{"count":1,"href":"https:\/\/cozinhaterezinha.com\/es\/wp-json\/wp\/v2\/pages\/12162\/revisions"}],"predecessor-version":[{"id":12163,"href":"https:\/\/cozinhaterezinha.com\/es\/wp-json\/wp\/v2\/pages\/12162\/revisions\/12163"}],"wp:attachment":[{"href":"https:\/\/cozinhaterezinha.com\/es\/wp-json\/wp\/v2\/media?parent=12162"}],"curies":[{"name":"wp","href":"https:\/\/api.w.org\/{rel}","templated":true}]}}