{"id":12158,"date":"2022-07-25T15:57:42","date_gmt":"2022-07-25T18:57:42","guid":{"rendered":"https:\/\/cozinhaterezinha.com\/?page_id=12158"},"modified":"2023-11-17T14:26:20","modified_gmt":"2023-11-17T17:26:20","slug":"terminos-y-condiciones","status":"publish","type":"page","link":"https:\/\/cozinhaterezinha.com\/es\/terminos-y-condiciones\/","title":{"rendered":"T\u00e9rminos y Condiciones"},"content":{"rendered":"\n<p><strong>Cozinha Terezinha T\u00c9RMINOS Y CONDICIONES<\/strong><\/p>\n\n\n\n<p><strong>\u00daLTIMA ACTUALIZACI\u00d3N: 13 DE AGOSTO DE 2020<\/strong><\/p>\n\n\n\n<p>Los t\u00e9rminos y condiciones (\u00abT\u00e9rminos\u00bb) describen c\u00f3mo Cozinha Terezinha (&#8216;Empresa&#8217;, &#8216;nosotros&#8217; y &#8216;nuestro&#8217;) regula el uso de este sitio web <a href=\"https:\/\/cozinhaterezinha.com\">https:\/\/cozinhaterezinha.com<\/a> (el &#8216;sitio web&#8217;).<br>Lea la siguiente informaci\u00f3n con atenci\u00f3n para comprender nuestras pr\u00e1cticas con respecto al uso del sitio web. La Empresa puede cambiar los T\u00e9rminos en cualquier momento. La Empresa puede informarle sobre el cambio en los T\u00e9rminos mediante los canales de comunicaci\u00f3n disponibles. La Empresa recomienda que verifique el sitio web con frecuencia para ver la versi\u00f3n actual de los T\u00e9rminos y las versiones anteriores.<\/p>\n\n\n\n<p><strong>POL\u00cdTICAS DE PRIVACIDAD<\/strong><\/p>\n\n\n\n<p>Nuestra pol\u00edtica de privacidad est\u00e1 disponible en otra p\u00e1gina. Nuestra pol\u00edtica de privacidad le explica c\u00f3mo utilizamos sus datos personales. Al utilizar nuestro sitio web, usted reconoce que tiene conocimiento y acepta nuestras pol\u00edticas de privacidad y la forma en que procesamos sus datos.<\/p>\n\n\n\n<p><strong>SU CUENTA<\/strong><\/p>\n\n\n\n<p>Cuando utiliza nuestro sitio web, usted es responsable de garantizar la confidencialidad de su cuenta, contrase\u00f1a y otros datos. No puede transferir su cuenta a terceros. No nos hacemos responsables de los accesos no autorizados que resulten de la negligencia del usuario (propietario de la cuenta). La empresa tiene el derecho de finalizar el servicio o cancelar su cuenta y eliminar sus datos si comparte su cuenta.<\/p>\n\n\n\n<p><strong>SERVICIOS<\/strong><\/p>\n\n\n\n<p>El sitio web le permite utilizar los servicios disponibles en el sitio web. No puede utilizar estos servicios con fines ilegales. En algunos casos, podemos establecer una tarifa para utilizar el sitio web. Todos los precios se publicar\u00e1n por separado en las p\u00e1ginas apropiadas del sitio web. En algunos casos, y en cualquier momento, podemos cambiar los valores para acceder. Tambi\u00e9n podemos utilizar sistemas de procesamiento de pagos que tienen tarifas de procesamiento de pagos. Algunas de estas tarifas se pueden mostrar cuando elige un m\u00e9todo de pago espec\u00edfico. Todos los detalles sobre las tarifas de estos sistemas de pago se pueden encontrar en sus respectivos sitios web.<\/p>\n\n\n\n<p><strong>SERVICIOS DE TERCEROS<\/strong><\/p>\n\n\n\n<p>El sitio web puede incluir enlaces a otros sitios web, aplicaciones o plataformas. No controlamos los sitios web de terceros y no seremos responsables del contenido y otros materiales incluidos en esos sitios web. Los ponemos a disposici\u00f3n y mantenemos todos nuestros servicios y funciones en nuestro sitio web.<\/p>\n\n\n\n<p><strong>USOS PROHIBIDOS Y PROPIEDAD INTELECTUAL<\/strong><\/p>\n\n\n\n<p>Le otorgamos una licencia revocable, no transferible y no exclusiva para acceder y utilizar nuestro sitio web desde un dispositivo de acuerdo con los T\u00e9rminos. No puede utilizar el sitio web con fines ilegales o prohibidos. No puede utilizar el sitio web de manera que pueda deshabilitar, da\u00f1ar o interferir con el sitio web.<br>Todo el contenido en nuestro sitio web, incluido texto, c\u00f3digo, gr\u00e1ficos, logotipos, im\u00e1genes, videos, software utilizado en el sitio web (en lo sucesivo y en lo sucesivo el &#8216;Contenido&#8217;). El contenido es propiedad de la empresa o de sus contratistas y est\u00e1 protegido por la ley (propiedad intelectual) que protege estos derechos. No puede publicar, compartir, modificar, realizar ingenier\u00eda inversa, participar en la transferencia o crear y vender trabajos derivados, o de ninguna manera utilizar ninguno de los Contenidos.<br>Su uso del sitio web no le otorga el derecho de hacer un uso ilegal y no autorizado del Contenido y, en particular, no puede alterar los derechos de propiedad o avisos en el Contenido. Debe usar el Contenido solo para su uso personal y no comercial. La Empresa no le concede ninguna licencia para la propiedad intelectual de sus contenidos.<\/p>\n\n\n\n<p><strong>MATERIALES DE LA EMPRESA<\/strong><\/p>\n\n\n\n<p>Al publicar, enviar, enviar, o cargar su Contenido, est\u00e1 cediendo los derechos del uso de ese Contenido a nosotros para el desarrollo de nuestro negocio, incluidos, entre otros, los derechos de transmisi\u00f3n, exhibici\u00f3n p\u00fablica, distribuci\u00f3n, ejecuci\u00f3n p\u00fablica, copia, reproducci\u00f3n y traducci\u00f3n de su Contenido; y la publicaci\u00f3n de su nombre en relaci\u00f3n con su Contenido.<br>No se pagar\u00e1 ninguna compensaci\u00f3n por el uso de su Contenido. La Empresa no tiene la obligaci\u00f3n de publicar o disfrutar de ning\u00fan Contenido que pueda enviarnos y puede eliminar su Contenido en cualquier momento sin previo aviso. Al publicar, cargar, insertar, proporcionar o enviar su Contenido, garantiza y declara que posee todos los derechos sobre su Contenido.<\/p>\n\n\n\n<p><strong>EXENCI\u00d3N DE CIERTAS RESPONSABILIDADES<\/strong><\/p>\n\n\n\n<p>La informaci\u00f3n disponible a trav\u00e9s del sitio web puede incluir errores tipogr\u00e1ficos o inexactitudes. La Empresa no ser\u00e1 responsable de estas imprecisiones y errores. La Empresa no realiza declaraciones sobre la disponibilidad, precisi\u00f3n, confiabilidad, idoneidad y actualidad del Contenido contenido y los servicios disponibles en el sitio web. En la medida m\u00e1xima permitida por la ley aplicable, todo el Contenido y los servicios se proporcionan &#8216;tal cual&#8217;. La Empresa renuncia a todas las garant\u00edas y condiciones relacionadas con este Contenido y servicios, incluidas garant\u00edas y disposiciones de comerciabilidad, idoneidad para un prop\u00f3sito particular.<\/p>\n\n\n\n<p><strong>INDEMNIZACI\u00d3N<\/strong><\/p>\n\n\n\n<p>Usted acepta indemnizar, defender y eximir de responsabilidad a la Empresa, sus gerentes, directores, empleados, agentes y terceros, por cualquier costo, p\u00e9rdida, gasto (incluidos los honorarios de abogados), responsabilidades relacionadas o derivadas de su disfrute o incapacidad para disfrutar del sitio web, o de sus servicios y productos de la Empresa, su violaci\u00f3n de los T\u00e9rminos, o su violaci\u00f3n de los derechos de terceros, o su violaci\u00f3n de la ley aplicable. Debe cooperar con la Empresa en la afirmaci\u00f3n de cualquier defensa disponible.<\/p>\n\n\n\n<p><strong>CANCELACI\u00d3N Y RESTRICCI\u00d3N DE ACCESO<\/strong><\/p>\n\n\n\n<p>La Empresa puede cancelar o bloquear su acceso o cuenta en el sitio web y sus respectivos servicios en cualquier momento, sin previo aviso, en caso de que viole los T\u00e9rminos y condiciones.<\/p>\n\n\n\n<p><strong>VARIOS<\/strong><\/p>\n\n\n\n<p>La ley que rige los T\u00e9rminos ser\u00e1 la ley sustantiva del pa\u00eds donde la Empresa est\u00e1 establecida, excepto las reglas de conflicto de leyes. No debe utilizar el sitio web en jurisdicciones que no den efecto a todas las disposiciones de los T\u00e9rminos.<br>No se implicar\u00e1 ninguna asociaci\u00f3n, empleo o relaci\u00f3n de agencia<\/p>\n\n\n\n<p>entre usted y la Empresa como resultado de los T\u00e9rminos o el uso del sitio web. Nada en los T\u00e9rminos ser\u00e1 una renuncia al derecho de la Empresa de cumplir con solicitudes o requisitos gubernamentales, judiciales, policiales y policiales o requisitos relacionados con su disfrute del sitio web.<br>Si alguna parte de los T\u00e9rminos se considera inv\u00e1lida o inaplicable de acuerdo con la ley aplicable, las cl\u00e1usulas inv\u00e1lidas o inaplicables se considerar\u00e1n reemplazadas por cl\u00e1usulas v\u00e1lidas y aplicables que ser\u00e1n similares a la versi\u00f3n original de los T\u00e9rminos y otras partes y secciones del Contrato. Los T\u00e9rminos ser\u00e1n aplicables a usted y a la Empresa.<br>Los T\u00e9rminos constituyen el acuerdo completo entre usted y la Empresa con respecto al disfrute del sitio web y los T\u00e9rminos sustituyen a todos los anteriores o comunicaciones y ofertas, ya sean electr\u00f3nicas, orales o escritas, entre usted y la Empresa.<br>La Empresa y sus afiliadas no ser\u00e1n responsables por un fallo o demora en el cumplimiento de sus obligaciones cuando el fallo o demora resulte de cualquier causa m\u00e1s all\u00e1 del control razonable de la Empresa, incluidas fallas t\u00e9cnicas, desastres naturales, bloqueos, embargos, revueltas, actos, regulaciones, legislaci\u00f3n. o pedidos gubernamentales, judiciales, policiales o policiales, actos terroristas, guerra u otra fuerza fuera del control de la Empresa.<br>En caso de controversias, demandas, reclamaciones, disputas o causas de acci\u00f3n entre la Empresa y usted con respecto al sitio web u otros asuntos relacionados, o a los T\u00e9rminos, usted y la Empresa acuerdan intentar resolver tales controversias, demandas, reclamaciones, disputas o causas de acci\u00f3n mediante negociaci\u00f3n de buena fe y, en caso de fracaso de dicha negociaci\u00f3n, exclusivamente a trav\u00e9s de los tribunales del pa\u00eds donde la Compa\u00f1\u00eda est\u00e1 establecida.<\/p>\n\n\n\n<p><strong>RECLAMACIONES<\/strong><\/p>\n\n\n\n<p>Estamos comprometidos a resolver cualquier reclamaci\u00f3n sobre c\u00f3mo recopilamos o usamos sus datos personales. Si desea presentar una queja sobre estos T\u00e9rminos o nuestras pr\u00e1cticas con respecto a sus datos personales, cont\u00e1ctenos en: <a href=\"mailto:contato@cozinhaterezinha.com\">contato@cozinhaterezinha.com<\/a>.<br>Responderemos a su queja tan pronto como podamos y, en cualquier caso, dentro de los 30 d\u00edas.<br>Esperamos resolver cualquier queja que se nos comunique, sin embargo, si considera que su queja no se ha resuelto adecuadamente, se reserva el derecho de ponerse en contacto con la autoridad local de supervisi\u00f3n de protecci\u00f3n de datos.<\/p>\n\n\n\n<p><strong>INFORMACI\u00d3N DE CONTACTO<\/strong><\/p>\n\n\n\n<p>Agradecemos sus comentarios o preguntas sobre estos T\u00e9rminos. Puede ponerse en contacto con nosotros por escrito en <a href=\"mailto:contato@cozinhaterezinha.com\">contato@cozinhaterezinha.com<\/a>.<\/p>\n","protected":false},"excerpt":{"rendered":"<p>Cozinha Terezinha T\u00c9RMINOS Y CONDICIONES \u00daLTIMA ACTUALIZACI\u00d3N: 13 DE AGOSTO DE 2020 Los t\u00e9rminos y condiciones (\u00abT\u00e9rminos\u00bb) describen c\u00f3mo Cozinha Terezinha (&#8216;Empresa&#8217;, &#8216;nosotros&#8217; y &#8216;nuestro&#8217;) regula el uso de este sitio web https:\/\/cozinhaterezinha.com (el &#8216;sitio web&#8217;).Lea la siguiente informaci\u00f3n con atenci\u00f3n para comprender nuestras pr\u00e1cticas con respecto al uso del sitio web. La Empresa puede &#8230; <a title=\"T\u00e9rminos y Condiciones\" class=\"read-more\" href=\"https:\/\/cozinhaterezinha.com\/es\/terminos-y-condiciones\/\" aria-label=\"Leer m\u00e1s sobre T\u00e9rminos y Condiciones\">Leer m\u00e1s<\/a><\/p>\n","protected":false},"author":1,"featured_media":0,"parent":0,"menu_order":0,"comment_status":"closed","ping_status":"closed","template":"","meta":{"_uag_custom_page_level_css":"","wprm-recipe-roundup-name":"","wprm-recipe-roundup-description":"","cybocfi_hide_featured_image":"","footnotes":""},"class_list":["post-12158","page","type-page","status-publish"],"yoast_head":"<!-- This site is optimized with the Yoast SEO plugin v27.2 - https:\/\/yoast.com\/product\/yoast-seo-wordpress\/ -->\n<title>T\u00e9rminos y Condiciones - Cozinha Terezinha<\/title>\n<meta name=\"robots\" content=\"index, follow, max-snippet:-1, max-image-preview:large, max-video-preview:-1\" \/>\n<link rel=\"canonical\" href=\"https:\/\/cozinhaterezinha.com\/es\/terminos-y-condiciones\/\" \/>\n<meta property=\"og:locale\" content=\"es_ES\" \/>\n<meta property=\"og:type\" content=\"article\" \/>\n<meta property=\"og:title\" content=\"T\u00e9rminos y Condiciones - Cozinha Terezinha\" \/>\n<meta property=\"og:description\" content=\"Cozinha Terezinha T\u00c9RMINOS Y CONDICIONES \u00daLTIMA ACTUALIZACI\u00d3N: 13 DE AGOSTO DE 2020 Los t\u00e9rminos y condiciones (\u00abT\u00e9rminos\u00bb) describen c\u00f3mo Cozinha Terezinha (&#8216;Empresa&#8217;, &#8216;nosotros&#8217; y &#8216;nuestro&#8217;) regula el uso de este sitio web https:\/\/cozinhaterezinha.com (el &#8216;sitio web&#8217;).Lea la siguiente informaci\u00f3n con atenci\u00f3n para comprender nuestras pr\u00e1cticas con respecto al uso del sitio web. La Empresa puede ... Leer m\u00e1s\" \/>\n<meta property=\"og:url\" content=\"https:\/\/cozinhaterezinha.com\/es\/terminos-y-condiciones\/\" \/>\n<meta property=\"og:site_name\" content=\"Cozinha Terezinha\" \/>\n<meta property=\"article:modified_time\" content=\"2023-11-17T17:26:20+00:00\" \/>\n<meta name=\"twitter:card\" content=\"summary_large_image\" \/>\n<meta name=\"twitter:label1\" content=\"Tiempo de lectura\" \/>\n\t<meta name=\"twitter:data1\" content=\"8 minutos\" \/>\n<script type=\"application\/ld+json\" class=\"yoast-schema-graph\">{\"@context\":\"https:\/\/schema.org\",\"@graph\":[{\"@type\":\"WebPage\",\"@id\":\"https:\/\/cozinhaterezinha.com\/es\/terminos-y-condiciones\/\",\"url\":\"https:\/\/cozinhaterezinha.com\/es\/terminos-y-condiciones\/\",\"name\":\"T\u00e9rminos y Condiciones - Cozinha Terezinha\",\"isPartOf\":{\"@id\":\"https:\/\/cozinhaterezinha.com\/es\/#website\"},\"datePublished\":\"2022-07-25T18:57:42+00:00\",\"dateModified\":\"2023-11-17T17:26:20+00:00\",\"breadcrumb\":{\"@id\":\"https:\/\/cozinhaterezinha.com\/es\/terminos-y-condiciones\/#breadcrumb\"},\"inLanguage\":\"es\",\"potentialAction\":[{\"@type\":\"ReadAction\",\"target\":[\"https:\/\/cozinhaterezinha.com\/es\/terminos-y-condiciones\/\"]}]},{\"@type\":\"BreadcrumbList\",\"@id\":\"https:\/\/cozinhaterezinha.com\/es\/terminos-y-condiciones\/#breadcrumb\",\"itemListElement\":[{\"@type\":\"ListItem\",\"position\":1,\"name\":\"In\u00edcio\",\"item\":\"https:\/\/cozinhaterezinha.com\/es\/\"},{\"@type\":\"ListItem\",\"position\":2,\"name\":\"T\u00e9rminos y Condiciones\"}]},{\"@type\":\"WebSite\",\"@id\":\"https:\/\/cozinhaterezinha.com\/es\/#website\",\"url\":\"https:\/\/cozinhaterezinha.com\/es\/\",\"name\":\"Cozinha Terezinha\",\"description\":\"\",\"publisher\":{\"@id\":\"https:\/\/cozinhaterezinha.com\/es\/#organization\"},\"potentialAction\":[{\"@type\":\"SearchAction\",\"target\":{\"@type\":\"EntryPoint\",\"urlTemplate\":\"https:\/\/cozinhaterezinha.com\/es\/?s={search_term_string}\"},\"query-input\":{\"@type\":\"PropertyValueSpecification\",\"valueRequired\":true,\"valueName\":\"search_term_string\"}}],\"inLanguage\":\"es\"},{\"@type\":\"Organization\",\"@id\":\"https:\/\/cozinhaterezinha.com\/es\/#organization\",\"name\":\"Cozinha Terezinha\",\"url\":\"https:\/\/cozinhaterezinha.com\/es\/\",\"logo\":{\"@type\":\"ImageObject\",\"inLanguage\":\"es\",\"@id\":\"https:\/\/cozinhaterezinha.com\/es\/#\/schema\/logo\/image\/\",\"url\":\"https:\/\/cozinhaterezinha.com\/wp-content\/uploads\/2022\/07\/cropped-Copia-de-Cozinha-Terezinha-Post-para-Instagram-1.png\",\"contentUrl\":\"https:\/\/cozinhaterezinha.com\/wp-content\/uploads\/2022\/07\/cropped-Copia-de-Cozinha-Terezinha-Post-para-Instagram-1.png\",\"width\":512,\"height\":512,\"caption\":\"Cozinha Terezinha\"},\"image\":{\"@id\":\"https:\/\/cozinhaterezinha.com\/es\/#\/schema\/logo\/image\/\"},\"sameAs\":[\"https:\/\/www.instagram.com\/cozinhaterezinhaoficial\"]}]}<\/script>\n<!-- \/ Yoast SEO plugin. -->","yoast_head_json":{"title":"T\u00e9rminos y Condiciones - Cozinha Terezinha","robots":{"index":"index","follow":"follow","max-snippet":"max-snippet:-1","max-image-preview":"max-image-preview:large","max-video-preview":"max-video-preview:-1"},"canonical":"https:\/\/cozinhaterezinha.com\/es\/terminos-y-condiciones\/","og_locale":"es_ES","og_type":"article","og_title":"T\u00e9rminos y Condiciones - Cozinha Terezinha","og_description":"Cozinha Terezinha T\u00c9RMINOS Y CONDICIONES \u00daLTIMA ACTUALIZACI\u00d3N: 13 DE AGOSTO DE 2020 Los t\u00e9rminos y condiciones (\u00abT\u00e9rminos\u00bb) describen c\u00f3mo Cozinha Terezinha (&#8216;Empresa&#8217;, &#8216;nosotros&#8217; y &#8216;nuestro&#8217;) regula el uso de este sitio web https:\/\/cozinhaterezinha.com (el &#8216;sitio web&#8217;).Lea la siguiente informaci\u00f3n con atenci\u00f3n para comprender nuestras pr\u00e1cticas con respecto al uso del sitio web. La Empresa puede ... Leer m\u00e1s","og_url":"https:\/\/cozinhaterezinha.com\/es\/terminos-y-condiciones\/","og_site_name":"Cozinha Terezinha","article_modified_time":"2023-11-17T17:26:20+00:00","twitter_card":"summary_large_image","twitter_misc":{"Tiempo de lectura":"8 minutos"},"schema":{"@context":"https:\/\/schema.org","@graph":[{"@type":"WebPage","@id":"https:\/\/cozinhaterezinha.com\/es\/terminos-y-condiciones\/","url":"https:\/\/cozinhaterezinha.com\/es\/terminos-y-condiciones\/","name":"T\u00e9rminos y Condiciones - Cozinha Terezinha","isPartOf":{"@id":"https:\/\/cozinhaterezinha.com\/es\/#website"},"datePublished":"2022-07-25T18:57:42+00:00","dateModified":"2023-11-17T17:26:20+00:00","breadcrumb":{"@id":"https:\/\/cozinhaterezinha.com\/es\/terminos-y-condiciones\/#breadcrumb"},"inLanguage":"es","potentialAction":[{"@type":"ReadAction","target":["https:\/\/cozinhaterezinha.com\/es\/terminos-y-condiciones\/"]}]},{"@type":"BreadcrumbList","@id":"https:\/\/cozinhaterezinha.com\/es\/terminos-y-condiciones\/#breadcrumb","itemListElement":[{"@type":"ListItem","position":1,"name":"In\u00edcio","item":"https:\/\/cozinhaterezinha.com\/es\/"},{"@type":"ListItem","position":2,"name":"T\u00e9rminos y Condiciones"}]},{"@type":"WebSite","@id":"https:\/\/cozinhaterezinha.com\/es\/#website","url":"https:\/\/cozinhaterezinha.com\/es\/","name":"Cozinha Terezinha","description":"","publisher":{"@id":"https:\/\/cozinhaterezinha.com\/es\/#organization"},"potentialAction":[{"@type":"SearchAction","target":{"@type":"EntryPoint","urlTemplate":"https:\/\/cozinhaterezinha.com\/es\/?s={search_term_string}"},"query-input":{"@type":"PropertyValueSpecification","valueRequired":true,"valueName":"search_term_string"}}],"inLanguage":"es"},{"@type":"Organization","@id":"https:\/\/cozinhaterezinha.com\/es\/#organization","name":"Cozinha Terezinha","url":"https:\/\/cozinhaterezinha.com\/es\/","logo":{"@type":"ImageObject","inLanguage":"es","@id":"https:\/\/cozinhaterezinha.com\/es\/#\/schema\/logo\/image\/","url":"https:\/\/cozinhaterezinha.com\/wp-content\/uploads\/2022\/07\/cropped-Copia-de-Cozinha-Terezinha-Post-para-Instagram-1.png","contentUrl":"https:\/\/cozinhaterezinha.com\/wp-content\/uploads\/2022\/07\/cropped-Copia-de-Cozinha-Terezinha-Post-para-Instagram-1.png","width":512,"height":512,"caption":"Cozinha Terezinha"},"image":{"@id":"https:\/\/cozinhaterezinha.com\/es\/#\/schema\/logo\/image\/"},"sameAs":["https:\/\/www.instagram.com\/cozinhaterezinhaoficial"]}]}},"uagb_featured_image_src":{"full":false,"thumbnail":false,"medium":false,"medium_large":false,"large":false,"1536x1536":false,"2048x2048":false,"wprm-metadata-1_1":false,"wprm-metadata-4_3":false,"wprm-metadata-16_9":false,"web-stories-poster-portrait":false,"web-stories-publisher-logo":false,"web-stories-thumbnail":false},"uagb_author_info":{"display_name":"Mariana","author_link":"https:\/\/cozinhaterezinha.com\/es\/author\/alice-ct\/"},"uagb_comment_info":0,"uagb_excerpt":"Cozinha Terezinha T\u00c9RMINOS Y CONDICIONES \u00daLTIMA ACTUALIZACI\u00d3N: 13 DE AGOSTO DE 2020 Los t\u00e9rminos y condiciones (\u00abT\u00e9rminos\u00bb) describen c\u00f3mo Cozinha Terezinha (&#8216;Empresa&#8217;, &#8216;nosotros&#8217; y &#8216;nuestro&#8217;) regula el uso de este sitio web https:\/\/cozinhaterezinha.com (el &#8216;sitio web&#8217;).Lea la siguiente informaci\u00f3n con atenci\u00f3n para comprender nuestras pr\u00e1cticas con respecto al uso del sitio web. La Empresa puede&hellip;","_links":{"self":[{"href":"https:\/\/cozinhaterezinha.com\/es\/wp-json\/wp\/v2\/pages\/12158","targetHints":{"allow":["GET"]}}],"collection":[{"href":"https:\/\/cozinhaterezinha.com\/es\/wp-json\/wp\/v2\/pages"}],"about":[{"href":"https:\/\/cozinhaterezinha.com\/es\/wp-json\/wp\/v2\/types\/page"}],"author":[{"embeddable":true,"href":"https:\/\/cozinhaterezinha.com\/es\/wp-json\/wp\/v2\/users\/1"}],"replies":[{"embeddable":true,"href":"https:\/\/cozinhaterezinha.com\/es\/wp-json\/wp\/v2\/comments?post=12158"}],"version-history":[{"count":1,"href":"https:\/\/cozinhaterezinha.com\/es\/wp-json\/wp\/v2\/pages\/12158\/revisions"}],"predecessor-version":[{"id":12159,"href":"https:\/\/cozinhaterezinha.com\/es\/wp-json\/wp\/v2\/pages\/12158\/revisions\/12159"}],"wp:attachment":[{"href":"https:\/\/cozinhaterezinha.com\/es\/wp-json\/wp\/v2\/media?parent=12158"}],"curies":[{"name":"wp","href":"https:\/\/api.w.org\/{rel}","templated":true}]}}